{"id":9,"date":"2020-03-10T20:11:23","date_gmt":"2020-03-10T19:11:23","guid":{"rendered":"https:\/\/loeilduprince.com\/en\/?page_id=9"},"modified":"2024-07-17T14:23:52","modified_gmt":"2024-07-17T12:23:52","slug":"legal-notice","status":"publish","type":"page","link":"https:\/\/loeilduprince.com\/en\/legal-notice","title":{"rendered":"Legal notice"},"content":{"rendered":"<h2>Identit\u00e9 de l\u2019\u00e9diteur du site Internet<\/h2>\n<p>L\u2019\u00e9diteur du site Internet Galerie L\u2019Oeil du Prince est la soci\u00e9t\u00e9 Galerie Yann DESHOULIERES, N\u00b0 de SIRET : 52382453000035, dont le si\u00e8ge social est 3 Avenue du Mar\u00e9chal Foch &#8211; 64200 BIARRITZ, et dont le repr\u00e9sentant l\u00e9gal est Monsieur Deshouli\u00e8res Yann &amp; Laetitia.<\/p>\n<p>L\u2019\u00e9diteur du site Internet peut \u00eatre contact\u00e9 \u00e0 cette adresse \u00e9lectronique : info@loeilduprince.com<\/p>\n<p>L\u2019\u00e9diteur du site Internet peut \u00eatre contact\u00e9 par t\u00e9l\u00e9phone : +33(0)9 54 71 70 24<\/p>\n<h3>Informations compl\u00e9mentaires sur l\u2019\u00e9diteur du site :<\/h3>\n<p>Identit\u00e9\/Raison sociale : Galerie Yann DESHOULIERES<br \/>\nForme juridique : SARL unipersonnelle<br \/>\nN\u00b0 de SIRET : 52382453000035<br \/>\nCode APE : Autres commerces de d\u00e9tail sp\u00e9cialis\u00e9s divers (4778C)<br \/>\nMontant du capital social : 5000,00 \u20ac<br \/>\nNum\u00e9ro d\u2019inscription au registre du commerce et des soci\u00e9t\u00e9s (RCS) : Bayonne B 523824530<br \/>\nNum\u00e9ro individuel d\u2019identification (le num\u00e9ro de TVA intracommunautaire) : FR76523824530<br \/>\nNum\u00e9ro d\u2019immatriculation au r\u00e9pertoire des m\u00e9tiers (RM) : Non concern\u00e9<\/p>\n<h2>Activit\u00e9s exerc\u00e9es<\/h2>\n<p>Galerie d\u2019art \u00e0 Biarritz, expositions et ventes \u0153uvres d&#8217;art.<\/p>\n<h2>Directeur de la publication<\/h2>\n<p>Le Directeur de la publication est Monsieur Deshouli\u00e8res Yann &amp; Laetitia g\u00e9rant(e) de la soci\u00e9t\u00e9.<\/p>\n<h2>Conception et r\u00e9alisation<\/h2>\n<p>Le site internet a \u00e9t\u00e9 r\u00e9alis\u00e9 par :<br \/>\nAkro Web \u2013 <a title=\"Akro Web - Webmaster Freelance\" href=\"https:\/\/www.akro-web.com\/\" target=\"_blank\" rel=\"noopener noreferrer\">Webmaster Freelance<\/a><\/p>\n<p>Site r\u00e9alis\u00e9 avec le CMS WordPress<\/p>\n<h2>H\u00e9bergement<\/h2>\n<p>Le site Internet est h\u00e9berg\u00e9 par :<\/p>\n<p>SAS au capital de 500 k\u20ac<br \/>\nRCS Roubaix \u2013 Tourcoing 424 761 419 00011<br \/>\nCode APE 6202A \u2013 N\u00b0 TVA : FR 22 424 761 419<br \/>\nSi\u00e8ge social : 2 rue Kellerman \u2013 59100 Roubaix \u2013 France<\/p>\n<p><a href=\"https:\/\/www.ovhcloud.com\/fr\/personal-data-protection\/\" target=\"_blank\" rel=\"noopener\">Politique de confidentialit\u00e9 de l\u2019h\u00e9bergeur &gt;&gt;<\/a><\/p>\n<h2>Propri\u00e9t\u00e9 intellectuelle<\/h2>\n<p>Le site Internet est susceptible de reproduire des \u0153uvres de propri\u00e9t\u00e9 intellectuelle. Ces \u0153uvres peuvent appartenir \u00e0 l\u2019\u00e9diteur du site ou \u00e0 des tiers. Dans ce dernier cas, les \u0153uvres sont reproduites par l\u2019\u00e9diteur avec l\u2019autorisation de ces tiers.<\/p>\n<p>Toute reproduction, repr\u00e9sentation, modification, publication, adaptation de tout ou partie des \u0153uvres repr\u00e9sent\u00e9es sur le site, quel que soit le moyen ou le proc\u00e9d\u00e9 utilis\u00e9, est interdite, sauf autorisation \u00e9crite pr\u00e9alable de l\u2019\u00e9diteur du site Internet.<\/p>\n<p>Toute exploitation non autoris\u00e9e du site Internet ou de l\u2019un quelconque des \u00e9l\u00e9ments qu\u2019il contient pourra \u00eatre consid\u00e9r\u00e9e comme constitutive d\u2019une contrefa\u00e7on et poursuivie conform\u00e9ment aux dispositions des articles L.335-2 et suivants du Code de Propri\u00e9t\u00e9 Intellectuelle.<\/p>\n<p>Le logiciel WordPress, quant \u00e0 lui est plac\u00e9 sous licence GPL.<\/p>\n<h2>Obligations des utilisateurs<\/h2>\n<p>Les utilisateurs s\u2019engagent \u00e0 utiliser le pr\u00e9sent site Internet dans les conditions suivantes :<\/p>\n<ul>\n<li>Ne pas utiliser le site aux fins d\u2019entraver ou alt\u00e9rer son fonctionnement, notamment en l\u2019encombrant, volontairement ou involontairement, par le transfert intempestif de contenus, en dehors des cas d\u2019utilisation pr\u00e9vus ;<\/li>\n<li>Ne pas extraire, copier, dupliquer, des \u00e9l\u00e9ments et graphismes du site Internet, sur lesquels l\u2019\u00e9diteur dispose des droits de propri\u00e9t\u00e9 intellectuelle ;<\/li>\n<li>Ne pas introduire de fichiers \/ programmes malveillants, ou contenant des virus informatiques ;<\/li>\n<li>Ne pas stocker, transmettre du contenu non autoris\u00e9, qui serait ill\u00e9gal ou qui pourrait \u00eatre constitutif d\u2019incitation \u00e0 la r\u00e9alisation de crimes et d\u00e9lits, de diffamations et injures, d\u2019atteinte \u00e0 la vie priv\u00e9e, ou encore d\u2019actes mettant en p\u00e9ril des mineurs ;<\/li>\n<li>Ne pas transmettre de contenu qui violerait le droit \u00e0 l\u2019image, tout droit de propri\u00e9t\u00e9 intellectuelle tout autre droit appartenant \u00e0 autrui.<\/li>\n<\/ul>\n<h2>Responsabilit\u00e9 de l\u2019\u00e9diteur<\/h2>\n<p>L\u2019utilisateur est seul responsable des choix qu\u2019il fait. Ainsi, la responsabilit\u00e9 de l\u2019\u00e9diteur ne saurait \u00eatre engag\u00e9e en raison de l\u2019inadaptation des services du site Internet aux besoins et informations exprim\u00e9s par l\u2019utilisateur.<\/p>\n<p>L\u2019\u00e9diteur n\u2019est pas non plus responsable des cons\u00e9quences dommageables li\u00e9es au r\u00e9seau de communication et des d\u00e9faillances d\u2019acc\u00e8s \u00e0 Internet et de s\u00e9curit\u00e9 informatique de l\u2019utilisateur.<\/p>\n<h2>Protection des donn\u00e9es personnelles<\/h2>\n<p>L\u2018\u00e9diteur est susceptible de traiter des donn\u00e9es personnelles dans le cadre de l\u2019exploitation de son site Internet.<\/p>\n<p>Dans ce cadre, il s\u2019engage \u00e0 respecter la Loi n\u00b078-17 du 6 janvier 1978 <em>(dite \u00ab Loi informatique et libert\u00e9s \u00bb ou \u00ab LIL \u00bb)<\/em> et le R\u00e8glement G\u00e9n\u00e9ral sur la protection des Donn\u00e9es Personnelles <em>(\u00ab RGDP \u00bb)<\/em> n\u00b02016\/679.<\/p>\n<h2>Cr\u00e9dits photos<\/h2>\n<p>Galerie L\u2019Oeil du Prince<br \/>\n<a href=\"https:\/\/pixabay.com\" target=\"_blank\" rel=\"noopener noreferrer\">Pixabay<\/a><br \/>\n<a href=\"https:\/\/unsplash.com\" target=\"_blank\" rel=\"noopener noreferrer\">Unsplash<\/a><br \/>\nIcons : <a title=\"Freepik\" href=\"http:\/\/www.freepik.com\" target=\"_blank\" rel=\"noopener noreferrer\">Freepik<\/a> par <a title=\"Flaticon\" href=\"http:\/\/www.flaticon.com\" target=\"_blank\" rel=\"noopener noreferrer\">www.flaticon.com<\/a><br \/>\n<a href=\"https:\/\/fr.freepik.com\" target=\"_blank\" rel=\"noopener noreferrer\">Freepik<\/a><\/p>\n","protected":false},"excerpt":{"rendered":"<p>Identit\u00e9 de l\u2019\u00e9diteur du site Internet L\u2019\u00e9diteur du site Internet est la soci\u00e9t\u00e9 , N\u00b0 &hellip; <a href=\"https:\/\/loeilduprince.com\/en\/legal-notice\" class=\"more-link\"><span>Read more<\/span><\/a><\/p>\n","protected":false},"author":1,"featured_media":142,"parent":0,"menu_order":0,"comment_status":"closed","ping_status":"closed","template":"","meta":{"_acf_changed":false,"_seopress_robots_primary_cat":"","_seopress_titles_title":"","_seopress_titles_desc":"","_seopress_robots_index":"yes","iawp_total_views":50,"footnotes":""},"class_list":["post-9","page","type-page","status-publish","has-post-thumbnail","hentry"],"acf":[],"_links":{"self":[{"href":"https:\/\/loeilduprince.com\/en\/wp-json\/wp\/v2\/pages\/9","targetHints":{"allow":["GET"]}}],"collection":[{"href":"https:\/\/loeilduprince.com\/en\/wp-json\/wp\/v2\/pages"}],"about":[{"href":"https:\/\/loeilduprince.com\/en\/wp-json\/wp\/v2\/types\/page"}],"author":[{"embeddable":true,"href":"https:\/\/loeilduprince.com\/en\/wp-json\/wp\/v2\/users\/1"}],"replies":[{"embeddable":true,"href":"https:\/\/loeilduprince.com\/en\/wp-json\/wp\/v2\/comments?post=9"}],"version-history":[{"count":0,"href":"https:\/\/loeilduprince.com\/en\/wp-json\/wp\/v2\/pages\/9\/revisions"}],"wp:featuredmedia":[{"embeddable":true,"href":"https:\/\/loeilduprince.com\/en\/wp-json\/wp\/v2\/media\/142"}],"wp:attachment":[{"href":"https:\/\/loeilduprince.com\/en\/wp-json\/wp\/v2\/media?parent=9"}],"curies":[{"name":"wp","href":"https:\/\/api.w.org\/{rel}","templated":true}]}}